{"id":2346,"date":"2019-07-19T23:00:17","date_gmt":"2019-07-19T23:00:17","guid":{"rendered":"https:\/\/proudlyportugal.pt\/info\/newsletter\/"},"modified":"2019-11-25T20:40:32","modified_gmt":"2019-11-25T20:40:32","slug":"newsletter","status":"publish","type":"page","link":"https:\/\/proudlyportugal.pt\/pt-pt\/informacoes\/newsletter\/","title":{"rendered":"Subscreve a nossa newsletter"},"content":{"rendered":"\n<p>Tens curiosidade em descobrir o verdadeiro esp\u00edrito Portugu\u00eas e ficar a par das \u00faltimas not\u00edcias, destinos ou eventos?&nbsp;<\/p>\n\n\n<script>(function() {\n\twindow.mc4wp = window.mc4wp || {\n\t\tlisteners: [],\n\t\tforms: {\n\t\t\ton: function(evt, cb) {\n\t\t\t\twindow.mc4wp.listeners.push(\n\t\t\t\t\t{\n\t\t\t\t\t\tevent   : evt,\n\t\t\t\t\t\tcallback: cb\n\t\t\t\t\t}\n\t\t\t\t);\n\t\t\t}\n\t\t}\n\t}\n})();\n<\/script><!-- Mailchimp for WordPress v4.10.2 - https:\/\/wordpress.org\/plugins\/mailchimp-for-wp\/ --><form id=\"mc4wp-form-1\" class=\"mc4wp-form mc4wp-form-9\" method=\"post\" data-id=\"9\" data-name=\"Newsletter\" ><div class=\"mc4wp-form-fields\"><p class=\"newsletter-fname-input\">\r\n\t<label for=\"newsletter_fn\">first name<\/label>\r\n\t<input id=\"newsletter_fn\" type=\"text\" name=\"FNAME\" placeholder=\"first name\" required \/>\r\n<\/p>\r\n<p class=\"newsletter-lname-input\">\r\n\t<label for=\"newsletter_ln\">last name<\/label>\r\n\t<input id=\"newsletter_ln\" type=\"text\" name=\"LNAME\" placeholder=\"last name\" required \/>\r\n<\/p>\r\n<p class=\"newsletter-email-input\">\r\n\t<label for=\"newsletter_email\">email<\/label>\r\n\t<input id=\"newsletter_email\" type=\"email\" name=\"EMAIL\" placeholder=\"email\" required \/>\r\n<\/p>\r\n\r\n<p class=\"checkbox-group-wrapper\">\r\n  <span class=\"checkbox-group newsletter-privacy-input\">\r\n    <input id=\"newsletter_terms\" name=\"AGREE_TO_TERMS\" type=\"checkbox\" value=\"1\" required=\"\">\r\n    <label for=\"newsletter_terms\">I accept our <a href=\"https:\/\/proudlyportugal.pt\/info\/privacy-policy\/\" target=\"_blank\">privacy &amp; policy<\/a> and want to receive general newsletters from #ProudlyPortugal<\/label>\r\n  <\/span>\r\n<\/p>\r\n\r\n<p class=\"text-right\">\r\n\t<input class=\"newsletter-subscribe\" type=\"submit\" value=\"subscribe\" \/>\r\n<\/p><\/div><label style=\"display: none !important;\">Leave this field empty if you're human: <input type=\"text\" name=\"_mc4wp_honeypot\" value=\"\" tabindex=\"-1\" autocomplete=\"off\" \/><\/label><input type=\"hidden\" name=\"_mc4wp_timestamp\" value=\"1776366705\" \/><input type=\"hidden\" name=\"_mc4wp_form_id\" value=\"9\" \/><input type=\"hidden\" name=\"_mc4wp_form_element_id\" value=\"mc4wp-form-1\" \/><div class=\"mc4wp-response\"><\/div><\/form><!-- \/ Mailchimp for WordPress Plugin -->\n","protected":false},"excerpt":{"rendered":"<p>Subscreve a nossa newsletter. Tens curiosidade em descobrir o verdadeiro esp\u00edrito Portugu\u00eas e ficar a par das \u00faltimas not\u00edcias, destinos ou eventos?<\/p>\n","protected":false},"author":1,"featured_media":0,"parent":2340,"menu_order":0,"comment_status":"closed","ping_status":"closed","template":"","meta":{"_acf_changed":false,"footnotes":""},"class_list":["post-2346","page","type-page","status-publish","hentry","page-entry"],"acf":[],"aioseo_notices":[],"_links":{"self":[{"href":"https:\/\/proudlyportugal.pt\/pt-pt\/wp-json\/wp\/v2\/pages\/2346","targetHints":{"allow":["GET"]}}],"collection":[{"href":"https:\/\/proudlyportugal.pt\/pt-pt\/wp-json\/wp\/v2\/pages"}],"about":[{"href":"https:\/\/proudlyportugal.pt\/pt-pt\/wp-json\/wp\/v2\/types\/page"}],"author":[{"embeddable":true,"href":"https:\/\/proudlyportugal.pt\/pt-pt\/wp-json\/wp\/v2\/users\/1"}],"replies":[{"embeddable":true,"href":"https:\/\/proudlyportugal.pt\/pt-pt\/wp-json\/wp\/v2\/comments?post=2346"}],"version-history":[{"count":5,"href":"https:\/\/proudlyportugal.pt\/pt-pt\/wp-json\/wp\/v2\/pages\/2346\/revisions"}],"predecessor-version":[{"id":2764,"href":"https:\/\/proudlyportugal.pt\/pt-pt\/wp-json\/wp\/v2\/pages\/2346\/revisions\/2764"}],"up":[{"embeddable":true,"href":"https:\/\/proudlyportugal.pt\/pt-pt\/wp-json\/wp\/v2\/pages\/2340"}],"wp:attachment":[{"href":"https:\/\/proudlyportugal.pt\/pt-pt\/wp-json\/wp\/v2\/media?parent=2346"}],"curies":[{"name":"wp","href":"https:\/\/api.w.org\/{rel}","templated":true}]}}