{"id":2344,"date":"2019-08-28T13:33:27","date_gmt":"2019-08-28T13:33:27","guid":{"rendered":"https:\/\/proudlyportugal.pt\/portugal-travel-to-feel\/"},"modified":"2023-08-04T08:42:50","modified_gmt":"2023-08-04T08:42:50","slug":"portugal-travel-to-feel","status":"publish","type":"page","link":"https:\/\/proudlyportugal.pt\/pt-pt\/portugal-travel-to-feel\/","title":{"rendered":"Portugal. Travel to Feel."},"content":{"rendered":"\n<p>&#8220;Afinal, a melhor maneira de viajar \u00e9 sentir,\u201d escreveu \u00c1lvaro de Campos, um dos&nbsp;diversos pseud\u00f3nimos de Fernando Pessoa, o poeta Portugu\u00eas mais famoso do s\u00e9culo&nbsp;XX.<\/p>\n\n\n\n<p>Em Portugal, sentimo-nos orgulhosos em partilhar o cen\u00e1rio colorido do nosso pa\u00eds&nbsp;enquanto destino LGBTI de refer\u00eancia.<\/p>\n\n\n\n<p>Colocado entre os 20 pa\u00edses mais visitados do mundo e considerado um dos mais&nbsp;seguros, Portugal \u00e9 um lugar onde sentes o calor do nosso sol e o abra\u00e7o acolhedor de&nbsp;um povo; onde vais descobrir os sabores e as texturas de uma cultura \u00fanica e rica.<\/p>\n\n\n\n<p>O projeto Proudly Portugal apresenta as in\u00fameras possibilidades&nbsp;que o nosso pa\u00eds&nbsp;tem para te oferecer como destino LGBTI, com experi\u00eancias memor\u00e1veis e imersas&nbsp;num esp\u00edrito tipicamente portugu\u00eas.<\/p>\n\n\n\n<p>Para al\u00e9m de mostrar o pa\u00eds enquanto destino de refer\u00eancia, o Proudly Portugal pretende&nbsp;tamb\u00e9m mostrar o valor, a beleza, o poder e a diversidade, ao mesmo tempo que&nbsp;refor\u00e7a a import\u00e2ncia do Pride e das iniciativas LGBTI que decorrem em Portugal,&nbsp;promovendo e encorajando o movimento nacional que inspira todos os que querem&nbsp;sentir e viajar at\u00e9 ao nosso pa\u00eds.<\/p>\n\n\n\n<p>Afinal, viajar \u00e9 sentir.<br><a rel=\"noreferrer noopener\" href=\"https:\/\/www.instagram.com\/explore\/tags\/proudlyportugal\/\" target=\"_blank\">#proudlyportugal<\/a><\/p>\n\n\n\n<figure class=\"wp-block-image alignwide\"><img loading=\"lazy\" decoding=\"async\" width=\"1024\" height=\"659\" src=\"https:\/\/proudlyportugal.pt\/files\/uploads\/2019\/07\/proudly-portugal-girls-mercado-de-loule-algarve-1024x659.png\" alt=\"Two woman holding arms at Mercado de Loul\u00e9, Algarve\" class=\"wp-image-98\" srcset=\"https:\/\/proudlyportugal.pt\/files\/uploads\/2019\/07\/proudly-portugal-girls-mercado-de-loule-algarve-1024x659.png 1024w, https:\/\/proudlyportugal.pt\/files\/uploads\/2019\/07\/proudly-portugal-girls-mercado-de-loule-algarve-300x193.png 300w, https:\/\/proudlyportugal.pt\/files\/uploads\/2019\/07\/proudly-portugal-girls-mercado-de-loule-algarve-768x494.png 768w, https:\/\/proudlyportugal.pt\/files\/uploads\/2019\/07\/proudly-portugal-girls-mercado-de-loule-algarve.png 1060w\" sizes=\"auto, (max-width: 1024px) 100vw, 1024px\" \/><\/figure>\n\n\n\n<div class=\"wp-block-kobu-custom-blocks-section-wrapper alignfull kobu-section has-background has-border-color has-pink-border-color is-layout-constrained wp-block-section-wrapper-is-layout-constrained\" style=\"background-color:#F3E0E0\">\n<div class=\"wp-block-kobu-custom-blocks-responsive-spacer responsive-spacer size-large\"><\/div>\n\n\n\n<div class=\"wp-block-kobu-custom-blocks-text-slider alignwide text-slider\">\n<div class=\"wp-block-kobu-custom-blocks-text-slider-img-text slide image-text\"><div class=\"slide-content align-left valign-center img-first\"><div class=\"media-col\"><img decoding=\"async\" src=\"https:\/\/proudlyportugal.pt\/files\/uploads\/2019\/10\/20191028.png\" alt=\"\" title=\"20191028\"\/><\/div><div class=\"content-col\"><div class=\"content-col-wrapper\">\n<blockquote class=\"wp-block-quote is-style-large is-layout-flow wp-block-quote-is-layout-flow\">\n<p class=\"is-style-default has-regular-font-size\">\u201cCompletamente surpreendidas com o Pal\u00e1cio da Pena. Destinos m\u00e1gicos para descobrir em Portugal!&#8221;<\/p>\n<cite> <\/cite><\/blockquote>\n\n\n\n<p><\/p>\n<\/div><\/div><\/div><\/div>\n\n\n\n<div class=\"wp-block-kobu-custom-blocks-text-slider-img-text slide image-text is-style-large\"><div class=\"slide-content align-left valign-center img-first\"><div class=\"media-col\"><img decoding=\"async\" src=\"https:\/\/proudlyportugal.pt\/files\/uploads\/2019\/10\/2019-08-12.jpg\" alt=\"\" title=\"2019-08-12\"\/><\/div><div class=\"content-col\"><div class=\"content-col-wrapper\">\n<blockquote class=\"wp-block-quote is-style-large is-layout-flow wp-block-quote-is-layout-flow\">\n<p class=\"is-style-serif has-regular-font-size\">&#8220;Portugal \u00e9 um destino bastante LGBTI-friendly. Enquanto estive em Portugal sempre me senti seguro. <\/p>\n\n\n\n<p class=\"is-style-default has-regular-font-size\">Adorei Lisboa e o esp\u00edrito acolhedor e de respeito que se sente pela comunidade LGBTI. Tamb\u00e9m adorei as cidades do Porto e Faro.&#8221;<\/p>\n<\/blockquote>\n<\/div><\/div><\/div><\/div>\n\n\n\n<div class=\"wp-block-kobu-custom-blocks-text-slider-img-text slide image-text\"><div class=\"slide-content align-left valign-center img-first\"><div class=\"media-col\"><img decoding=\"async\" src=\"https:\/\/proudlyportugal.pt\/files\/uploads\/2019\/10\/3O2A3127.jpg\" alt=\"\" title=\"3O2A3127\"\/><\/div><div class=\"content-col\"><div class=\"content-col-wrapper\">\n<blockquote class=\"wp-block-quote is-style-large is-layout-flow wp-block-quote-is-layout-flow\">\n<p class=\"is-style-default\">&#8220;A nossa visita ao Porto foi muito agrad\u00e1vel, n\u00e3o tivemos ningu\u00e9m a insultar ou a julgar-nos em restaurantes, o que foi muito positivo e deixou-nos completamente \u00e0 vontade.&#8221;<\/p>\n<\/blockquote>\n<\/div><\/div><\/div><\/div>\n\n\n\n<div class=\"wp-block-kobu-custom-blocks-text-slider-text-only child-item text-only\"><div class=\"content-col\">\n<blockquote class=\"wp-block-quote is-style-large is-layout-flow wp-block-quote-is-layout-flow\">\n<p class=\"is-style-large\"><em>\u201c<\/em>Portugal foi um pa\u00eds muito simp\u00e1tico e convidativo. E espero regressar muito em breve.<em>\u201d <\/em><\/p>\n<\/blockquote>\n<\/div><\/div>\n<\/div>\n\n\n\n<div class=\"wp-block-kobu-custom-blocks-responsive-spacer responsive-spacer size-large\"><\/div>\n\n\n\n<p><\/p>\n<\/div>\n\n\n\n<div class=\"wp-block-kobu-custom-blocks-margin-aligned-image alignfull  align-right valign-stretch img-last\"><div class=\"content-col\"><div class=\"content-col-wrapper\">\n<h2 class=\"wp-block-heading\"><strong>O que fazer<\/strong><\/h2>\n\n\n\n<p>Desde o norte ao sul, do ski ao surf, passando pelos castelos pitorescos de perder a vista, at\u00e9 \u00e0s regi\u00f5es id\u00edlicas, de experi\u00eancias urbanas a aventuras nas nossas ilhas m\u00e1gicas, vem sentir o ritmo distinto e a energia contagiante de Portugal. Descobre o que fazer enquanto viajas por Portugal.<\/p>\n\n\n\n<div class=\"wp-block-button\"><a class=\"wp-block-button__link wp-element-button\" href=\"https:\/\/www.proudlyportugal.pt\/pt-pt\/directory\/\">descobre mais<\/a><\/div>\n\n\n\n<p><\/p>\n<\/div><\/div><div class=\"media-col\"><div class=\"img-wrapper force-ratio\"><figure><img decoding=\"async\" class=\"coverimg wp-image-undefined\" src=\"https:\/\/proudlyportugal.pt\/files\/uploads\/2019\/09\/kamile-leo-825075-unsplash.jpg\" alt=\"\" title=\"kamile-leo-825075-unsplash\" sizes=\"(min-width: 601px) 50vw, 100vw\"\/><\/figure><\/div><\/div><\/div>\n\n\n\n<div class=\"wp-block-kobu-custom-blocks-section-wrapper alignfull kobu-section has-background has-border-color is-layout-constrained wp-block-section-wrapper-is-layout-constrained\" style=\"background-color:#F3E0E0\">\n<div class=\"wp-block-kobu-custom-blocks-responsive-spacer responsive-spacer size-large\"><\/div>\n\n\n\n<div class=\"wp-block-kobu-custom-blocks-columns-group alignwide valign-start img-keep\">\n<div class=\"wp-block-kobu-custom-blocks-columns-group-item child-item align-left valign-start img-first\"><div class=\"media-col\"><img decoding=\"async\" src=\"https:\/\/proudlyportugal.pt\/files\/uploads\/2019\/10\/proudlyportugal-paco.png\" alt=\"\" title=\"proudlyportugal-paco\"\/><\/div><div class=\"content-col\"><div class=\"content-col-wrapper\">\n<h2 class=\"wp-block-heading\"><strong>Caminhos Hist\u00f3ricos no Algarve<\/strong><\/h2>\n\n\n\n<p>Viajar sozinho \u00e9 algo que recomendamos a todos os amantes de viagem. O prazer de ir onde te apetece ir no momento, e quando, n\u00e3o tem pre\u00e7o. Em Portugal, existem paisagens e tesouros culturais incont\u00e1veis que est\u00e3o \u00e0 tua espera!<\/p>\n\n\n\n<p>Vamos partilhar a experi\u00eancia do Paco, conseguem adivinhar onde \u00e9 que ele est\u00e1? <\/p>\n\n\n\n<div class=\"wp-block-button is-style-outline is-style-outline--1\"><a class=\"wp-block-button__link wp-element-button\" href=\"https:\/\/www.proudlyportugal.pt\/pt-pt\/portugal-travel-to-feel\/rotas-historicas-no-algarve\/\">hist\u00f3ria completa<\/a><\/div>\n<\/div><\/div><\/div>\n\n\n\n<div class=\"wp-block-kobu-custom-blocks-columns-group-item child-item align-right valign-start img-last\"><div class=\"content-col\"><div class=\"content-col-wrapper\">\n<h2 class=\"wp-block-heading\"><strong>Um dia em Fam\u00edlia em Loul\u00e9<\/strong><\/h2>\n\n\n\n<p>Planear uma viagem em fam\u00edlia \u00e9 mais desafiante do que podemos pensar e o \u00fanico objetivo, muitas das vezes, \u00e9 evitar o aborrecimento, aproveitar o tempo em fam\u00edlia e colecionar mem\u00f3rias para o futuro. Mas esta viagem n\u00e3o acaba aqui!<\/p>\n\n\n\n<p>O desafio n\u00e3o \u00e9 f\u00e1cil, mas tem tudo para dar certo! Conhe\u00e7am a Lynn, Laura e o pequeno Manuel.<\/p>\n\n\n\n<div class=\"wp-block-button is-style-outline is-style-outline--2\"><a class=\"wp-block-button__link wp-element-button\" href=\"https:\/\/www.proudlyportugal.pt\/pt-pt\/portugal-travel-to-feel\/um-dia-familiar-em-loule\/\">hist\u00f3ria completa<\/a><\/div>\n<\/div><\/div><div class=\"media-col\"><img decoding=\"async\" src=\"https:\/\/proudlyportugal.pt\/files\/uploads\/2019\/10\/proudlyportugal-laura-lynn.png\" alt=\"\" title=\"proudlyportugal-laura-lynn\"\/><\/div><\/div>\n\n\n\n<div class=\"wp-block-kobu-custom-blocks-columns-group-item child-item align-left valign-start img-first\"><div class=\"media-col\"><img decoding=\"async\" src=\"https:\/\/proudlyportugal.pt\/files\/uploads\/2019\/10\/proudly-portugal-irina.png\" alt=\"\" title=\"proudly-portugal-irina\"\/><\/div><div class=\"content-col\"><div class=\"content-col-wrapper\">\n<h2 class=\"wp-block-heading\"><strong>O esp\u00edrito colorido da Invicta<\/strong><\/h2>\n\n\n\n<p>Seguir os nossos sonhos \u00e9 encontrar um caminho que nos traz de volta a casa. E viajar \u00e9 a maneira ideal de explorar os v\u00e1rios caminhos que a nossa vida pode tomar, para abrir os horizontes e para viver diferentes culturas e lugares, para que nos possamos conectar com pessoas incr\u00edveis que conhecemos, de todo o mundo.<\/p>\n\n\n\n<p>Esta \u00e9 a hist\u00f3ria da Irina, vamos dan\u00e7ar?<\/p>\n\n\n\n<div class=\"wp-block-button is-style-outline is-style-outline--3\"><a class=\"wp-block-button__link wp-element-button\" href=\"https:\/\/www.proudlyportugal.pt\/pt-pt\/portugal-travel-to-feel\/o-espirito-colorido-da-invicta\/\">hist\u00f3ria completa<\/a><\/div>\n\n\n\n<p><\/p>\n<\/div><\/div><\/div>\n\n\n\n<div class=\"wp-block-kobu-custom-blocks-columns-group-item child-item align-right valign-start img-last\"><div class=\"content-col\"><div class=\"content-col-wrapper\">\n<h2 class=\"wp-block-heading\"><strong>Em busca de Ondas em Peniche<\/strong><\/h2>\n\n\n\n<p>O oceano foi um elemento crucial que aproximou Portugal de outras culturas e de outros povos, com as suas aventuras dos Descobrimentos em meados do s\u00e9culo XV. Com o seu porto pitoresco, a cidade de Peniche apresenta uma paisagem imersiva, com moinhos de vento brancos, capelas e praias arenosas.<\/p>\n\n\n\n<p>Este \u00e9 o oceano onde encontramos Guillermo.<\/p>\n\n\n\n<div class=\"wp-block-button is-style-outline is-style-outline--4\"><a class=\"wp-block-button__link wp-element-button\" href=\"https:\/\/www.proudlyportugal.pt\/pt-pt\/portugal-travel-to-feel\/em-busca-de-ondas-em-peniche\/\">hist\u00f3ria completa<\/a><\/div>\n\n\n\n<p><\/p>\n<\/div><\/div><div class=\"media-col\"><img decoding=\"async\" src=\"https:\/\/proudlyportugal.pt\/files\/uploads\/2019\/10\/proudlyportugal-guillermo.png\" alt=\"\" title=\"proudlyportugal-guillermo\"\/><\/div><\/div>\n\n\n\n<div class=\"wp-block-kobu-custom-blocks-columns-group-item child-item align-left valign-start img-first\"><div class=\"media-col\"><img decoding=\"async\" src=\"https:\/\/proudlyportugal.pt\/files\/uploads\/2019\/10\/proudlyportugal-nick-paul.png\" alt=\"\" title=\"proudlyportugal-nick-paul\"\/><\/div><div class=\"content-col\"><div class=\"content-col-wrapper\">\n<h2 class=\"wp-block-heading\"><strong>O amor tem um nome na Quinta do Lago<\/strong><\/h2>\n\n\n\n<p>Muitas vezes, viajar para um destino apenas para fugir da rotina \u00e9 a dose suficiente de aventura que precisamos para elevar o nosso esp\u00edrito e recuperar energias. E parte do que torna esta fuga t\u00e3o bem sucedida e memor\u00e1vel \u00e9 o destino que escolhemos e a sensa\u00e7\u00e3o de poder gerir o tempo para aproveitar com aqueles que mais gostamos.<\/p>\n\n\n\n<p>O amor tem sempre um nome. Conhe\u00e7am o Nick and Paul. <\/p>\n\n\n\n<div class=\"wp-block-button is-style-outline is-style-outline--5\"><a class=\"wp-block-button__link wp-element-button\" href=\"https:\/\/www.proudlyportugal.pt\/pt-pt\/portugal-travel-to-feel\/amor-tem-um-nome-na-quinta-do-lago\/\">hist\u00f3ria completa<\/a><\/div>\n<\/div><\/div><\/div>\n<\/div>\n<\/div>\n","protected":false},"excerpt":{"rendered":"<p>Em Portugal, queremos que sintas orgulho em ser quem \u00e9s, que te sintas \u00e0 vontade, que explores a diversidade e o romance no nosso pa\u00eds.<\/p>\n","protected":false},"author":1,"featured_media":0,"parent":0,"menu_order":0,"comment_status":"closed","ping_status":"closed","template":"templates\/fullheight-top.php","meta":{"_acf_changed":false,"footnotes":""},"class_list":["post-2344","page","type-page","status-publish","hentry","page-entry"],"acf":[],"aioseo_notices":[],"_links":{"self":[{"href":"https:\/\/proudlyportugal.pt\/pt-pt\/wp-json\/wp\/v2\/pages\/2344","targetHints":{"allow":["GET"]}}],"collection":[{"href":"https:\/\/proudlyportugal.pt\/pt-pt\/wp-json\/wp\/v2\/pages"}],"about":[{"href":"https:\/\/proudlyportugal.pt\/pt-pt\/wp-json\/wp\/v2\/types\/page"}],"author":[{"embeddable":true,"href":"https:\/\/proudlyportugal.pt\/pt-pt\/wp-json\/wp\/v2\/users\/1"}],"replies":[{"embeddable":true,"href":"https:\/\/proudlyportugal.pt\/pt-pt\/wp-json\/wp\/v2\/comments?post=2344"}],"version-history":[{"count":5,"href":"https:\/\/proudlyportugal.pt\/pt-pt\/wp-json\/wp\/v2\/pages\/2344\/revisions"}],"predecessor-version":[{"id":5822,"href":"https:\/\/proudlyportugal.pt\/pt-pt\/wp-json\/wp\/v2\/pages\/2344\/revisions\/5822"}],"wp:attachment":[{"href":"https:\/\/proudlyportugal.pt\/pt-pt\/wp-json\/wp\/v2\/media?parent=2344"}],"curies":[{"name":"wp","href":"https:\/\/api.w.org\/{rel}","templated":true}]}}