{"id":2341,"date":"2019-08-28T13:34:43","date_gmt":"2019-08-28T13:34:43","guid":{"rendered":"https:\/\/proudlyportugal.pt\/its-a-family-day-in-loule\/"},"modified":"2023-02-23T13:19:24","modified_gmt":"2023-02-23T13:19:24","slug":"um-dia-em-familia-em-loule","status":"publish","type":"page","link":"https:\/\/proudlyportugal.pt\/pt-pt\/portugal-travel-to-feel\/um-dia-em-familia-em-loule\/","title":{"rendered":"Um dia em Fam\u00edlia em Loul\u00e9"},"content":{"rendered":"\n<p>Laura e Lynn queriam levar o pequeno Manuel na sua primeira viagem ao estrangeiro. O objetivo era que ele conhecesse um lugar diferente e encontraram Loul\u00e9 &#8211; uma cidade pequena e animada, cheia de detalhes para descobrir dentro e fora da cidade. A atmosfera segura e acolhedora deste local no sul de Portugal ofereceu a esta fam\u00edlia a estadia perfeita. Ruas t\u00edpicas, lojas de artesanato, mercados de alimentos locais, c\u00e9u quente e sorrisos &#8211; um lugar para seres tu mesmo e criar mem\u00f3rias ao lado de quem mais amas.<\/p>\n\n\n\n<p>Planear uma viagem em fam\u00edlia \u00e9 t\u00e3o desafiador quanto emocionante. No final, trata-se de nutrir o tempo em fam\u00edlia e aprender com novas experi\u00eancias. Portugal \u00e9 um lugar que naturalmente entoa esse esp\u00edrito. Aqui, podes descobrir pequenas aldeias que apreciam as festas tradicionais, aprender sobre artes e of\u00edcios antigos, observar os mercados de rua que mant\u00eam vivas as antigas tradi\u00e7\u00f5es, enquanto pessoas de todas as idades te sa\u00fadam pelo caminho.<\/p>\n\n\n\n<div class=\"wp-block-kobu-custom-blocks-responsive-spacer responsive-spacer size-medium\"><\/div>\n\n\n\n<div class=\"wp-block-kobu-custom-blocks-section-wrapper alignfull kobu-section is-layout-constrained wp-block-section-wrapper-is-layout-constrained\">\n<div class=\"wp-block-kobu-custom-blocks-responsive-spacer responsive-spacer size-medium\"><\/div>\n\n\n<div class=\"wp-block-image\">\n<figure class=\"aligncenter size-full\"><img loading=\"lazy\" decoding=\"async\" width=\"1600\" height=\"1066\" src=\"https:\/\/proudlyportugal.pt\/files\/uploads\/2019\/11\/PP_MercadoLoule__0125_web.jpg\" alt=\"\" class=\"wp-image-1518\" srcset=\"https:\/\/proudlyportugal.pt\/files\/uploads\/2019\/11\/PP_MercadoLoule__0125_web.jpg 1600w, https:\/\/proudlyportugal.pt\/files\/uploads\/2019\/11\/PP_MercadoLoule__0125_web-300x200.jpg 300w, https:\/\/proudlyportugal.pt\/files\/uploads\/2019\/11\/PP_MercadoLoule__0125_web-768x512.jpg 768w, https:\/\/proudlyportugal.pt\/files\/uploads\/2019\/11\/PP_MercadoLoule__0125_web-1024x682.jpg 1024w\" sizes=\"auto, (max-width: 1600px) 100vw, 1600px\" \/><figcaption class=\"wp-element-caption\">A encantadora cidade de Loul\u00e9 convida-te a pegar na mochila e caminhar at\u00e9 \u00e0s ruas tipicamente portuguesas, ao castelo ador\u00e1vel e ao seu ex-libris, o Mercado de Loul\u00e9.<\/figcaption><\/figure><\/div>\n\n\n<div class=\"wp-block-kobu-custom-blocks-responsive-spacer responsive-spacer size-medium\"><\/div>\n\n\n\n<h2 class=\"wp-block-heading\"><strong>O ambiente acolhedor no sul de Portugal ofereceu a esta fam\u00edlia a estadia perfeita<\/strong><\/h2>\n\n\n\n<p>Planear uma viagem em fam\u00edlia \u00e9 t\u00e3o desafiante quanto emocionante. No final, trata-se de nutrir o tempo em fam\u00edlia e aprender com novas experi\u00eancias.<\/p>\n\n\n\n<p>Lynn e Laura decidiram viajar at\u00e9 Loul\u00e9. Localizada na regi\u00e3o interior do Algarve, a cidade oferece marcos culturais e belas paisagens naturais<\/p>\n\n\n\n<div class=\"wp-block-kobu-custom-blocks-responsive-spacer responsive-spacer size-medium\"><\/div>\n\n\n\n<div class=\"wp-block-kobu-custom-blocks-margin-aligned-image alignfull  align-left valign-center img-first\"><div class=\"media-col\"><figure><img decoding=\"async\" src=\"https:\/\/proudlyportugal.pt\/files\/uploads\/2019\/11\/PP_MercadoLoule__0481_web.jpg\" alt=\"\" title=\"PP_MercadoLoule__0481_web\"\/><\/figure><\/div><div class=\"content-col\"><div class=\"content-col-wrapper\">\n<p>No cora\u00e7\u00e3o de Loul\u00e9, \u00e9 poss\u00edvel encontrar um mercado vibrante, com produtos frescos, artesanato, peixe maravilhoso e muitas iguarias locais (mel, especiarias, compotas e vinhos locais).<\/p>\n\n\n\n<p>A energia \u00e9 intensa e din\u00e2mica. As pessoas s\u00e3o acolhedoras e cumprimentam-te com um sorriso &#8211; passear pelo mercado \u00e9 uma maneira divertida de come\u00e7ar um \u00f3timo dia em fam\u00edlia!<\/p>\n<\/div><\/div><\/div>\n\n\n\n<div class=\"wp-block-kobu-custom-blocks-responsive-spacer responsive-spacer size-medium\"><\/div>\n\n\n\n<p class=\"has-text-align-center is-style-serif has-large-font-size\">Portugal tem orgulho em ver a seguran\u00e7a e o respeito garantidos a todas as pessoas.<\/p>\n\n\n\n<div class=\"wp-block-kobu-custom-blocks-responsive-spacer responsive-spacer size-medium\"><\/div>\n\n\n\n<div class=\"wp-block-kobu-custom-blocks-columns-group alignwide valign-masonry img-keep\">\n<div class=\"wp-block-kobu-custom-blocks-columns-group-item child-item align-right valign-masonry img-last\"><div class=\"content-col\"><div class=\"content-col-wrapper\">\n<h2 class=\"wp-block-heading\"><strong>Pede um caf\u00e9 e conhece loul\u00e9<\/strong><\/h2>\n\n\n\n<p>Portugal ainda \u00e9 uma sociedade familiar tradicional e as pessoas ainda est\u00e3o muito apegadas a velhos h\u00e1bitos e tradi\u00e7\u00f5es.<\/p>\n\n\n\n<p>No entanto, existe tamb\u00e9m um lado muito cosmopolita emergente em Portugal, o que coloca o pa\u00eds na vanguarda da prote\u00e7\u00e3o e defesa dos direitos da comunidade LGBTI.<\/p>\n\n\n\n<p>Portugal orgulha-se de ser um pa\u00eds onde a seguran\u00e7a e o respeito s\u00e3o direitos adquiridos a todas as pessoas. Se est\u00e1s de visita a uma cidade grande ou uma pequena aldeia, tu e a tua fam\u00edlia podem ficar descansados para apreciar o ambiente de paz e tranquilidade.<\/p>\n<\/div><\/div><div class=\"media-col\"><img decoding=\"async\" src=\"https:\/\/proudlyportugal.pt\/files\/uploads\/2019\/11\/PP_MercadoLoule__0453_web.jpg\" alt=\"\" title=\"PP_MercadoLoule__0453_web\"\/><\/div><\/div>\n\n\n\n<div class=\"wp-block-kobu-custom-blocks-columns-group-item child-item align-left valign-masonry img-first\"><div class=\"media-col\"><img decoding=\"async\" src=\"https:\/\/proudlyportugal.pt\/files\/uploads\/2019\/11\/PP_MercadoLoule__0038_web.jpg\" alt=\"\" title=\"PP_MercadoLoule__0038_web\"\/><\/div><div class=\"content-col\"><div class=\"content-col-wrapper\">\n<h2 class=\"wp-block-heading\"><strong>Encontra tradi\u00e7\u00f5es Portugueses em cada esquina<\/strong> <\/h2>\n\n\n\n<p>Descobre tradi\u00e7\u00f5es genu\u00ednas de h\u00e1 muitos anos que se mant\u00eam fi\u00e9is \u00e0s suas origens. Encontra antigas tradi\u00e7\u00f5es que as pessoas transformaram em celebra\u00e7\u00f5es.<\/p>\n\n\n\n<p>Sente o abra\u00e7o da Hist\u00f3ria e a singularidade do legado portugu\u00eas em cada canto de cada lugar. Descobre as tradi\u00e7\u00f5es por detr\u00e1s de cada festa. S\u00ea bem-vindo, a cada sorriso que encontras ao longo do caminho.<\/p>\n\n\n\n<p>Descobre uma alma criada pelo tempo &#8230; Onde a ternura n\u00e3o tem idade.<\/p>\n\n\n\n<p>Portugal. Viajar \u00e9 sentir.<\/p>\n<\/div><\/div><\/div>\n<\/div>\n\n\n\n<h2 class=\"wp-block-heading\"><strong>10 coisas divertidas para fazer com a fam\u00edlia em Portugal<\/strong><\/h2>\n\n\n\n<p>Na lista que se segue podes encontrar v\u00e1rias sugest\u00f5es inspiradas nos cen\u00e1rios convidativos de Loul\u00e9.<\/p>\n\n\n\n<ul class=\"wp-block-list\">\n<li><a href=\"https:\/\/www.parqueaventura.net\/figueira-da-foz\/\" target=\"_blank\" rel=\"noopener\" title=\"\">Parque Aventura<\/a>, Figueira da Foz<\/li>\n\n\n\n<li><a rel=\"noreferrer noopener\" aria-label=\"Bacalh\u00f4a Buddha Eden (opens in a new tab)\" href=\"https:\/\/www.bacalhoa.pt\/\" target=\"_blank\">Bacalh\u00f4a Buddha Eden<\/a>, Sintra<\/li>\n\n\n\n<li><a href=\"https:\/\/visitporto.travel\/pt-PT\/poi\/5cd04b48f979e000016c560d#\/\" target=\"_blank\" rel=\"noopener\" title=\"\">Parque da cidade<\/a>, Porto<\/li>\n\n\n\n<li><a aria-label=\"Aquashow (opens in a new tab)\" href=\"https:\/\/aquashowpark.com\/en\/\" target=\"_blank\" rel=\"noreferrer noopener\">Parques Aqu\u00e1ticos<\/a>, Algarve<\/li>\n\n\n\n<li><a aria-label=\"Museu da Marioneta (opens in a new tab)\" href=\"https:\/\/www.museudamarioneta.pt\/en\/\" target=\"_blank\" rel=\"noreferrer noopener\">Museu da Marioneta<\/a>, Lisboa<\/li>\n\n\n\n<li><a aria-label=\"Museu do Brinquedo (opens in a new tab)\" href=\"http:\/\/brinquedo.museuspontedelima.com\/community\/#front\" target=\"_blank\" rel=\"noreferrer noopener\">Museu do Brinquedo<\/a>, Ponte de Lima<\/li>\n\n\n\n<li><a rel=\"noreferrer noopener\" aria-label=\" (opens in a new tab)\" href=\"https:\/\/www.dinoparque.pt\/en\/\" target=\"_blank\">Dino Park<\/a>, Lourinh\u00e3<\/li>\n\n\n\n<li><a aria-label=\"Badoka Park, (opens in a new tab)\" href=\"https:\/\/badoca.com\/en\/homepage-en\/\" target=\"_blank\" rel=\"noreferrer noopener\">Badoca Safari Park<\/a>, Alentejo<\/li>\n\n\n\n<li><a aria-label=\" (opens in a new tab)\" href=\"https:\/\/www.oceanario.pt\/en\" target=\"_blank\" rel=\"noreferrer noopener\">Ocean\u00e1rio de Lisboa<\/a>, Lisboa<\/li>\n\n\n\n<li><a aria-label=\" (opens in a new tab)\" href=\"https:\/\/www.zoo.pt\/en\/\" target=\"_blank\" rel=\"noreferrer noopener\">Jardim Zool\u00f3gico<\/a>, Lisboa<\/li>\n<\/ul>\n\n\n\n<div class=\"wp-block-kobu-custom-blocks-responsive-spacer responsive-spacer size-medium\"><\/div>\n\n\n\n<div class=\"wp-block-kobu-custom-blocks-slider-gallery alignwide\"><div class=\"slider-gallery gallery-container hidden  \"><div class=\"gallery \" role=\"list\"><div class=\"slide\" role=\"listitem\"><div class=\"figure-wrapper\" style=\"background-image:url(https:\/\/proudlyportugal.pt\/files\/uploads\/2019\/11\/ricardo-rocha-LZVIdRWyAMk-unsplash.jpg)\"><figure><img decoding=\"async\" src=\"https:\/\/proudlyportugal.pt\/files\/uploads\/2019\/11\/ricardo-rocha-LZVIdRWyAMk-unsplash.jpg\" alt=\"\"\/><figcaption><span>Bacalh\u00f4a Buddha Eden, Bombarral<\/span><\/figcaption><\/figure><\/div><\/div><div class=\"slide\" role=\"listitem\"><div class=\"figure-wrapper\" style=\"background-image:url(https:\/\/proudlyportugal.pt\/files\/uploads\/2019\/11\/diana-morais-RH_h6p86GEs-unsplash.jpg)\"><figure><img decoding=\"async\" src=\"https:\/\/proudlyportugal.pt\/files\/uploads\/2019\/11\/diana-morais-RH_h6p86GEs-unsplash.jpg\" alt=\"\"\/><figcaption><span>Parque da Cidade, Porto<\/span><\/figcaption><\/figure><\/div><\/div><div class=\"slide\" role=\"listitem\"><div class=\"figure-wrapper\" style=\"background-image:url(https:\/\/proudlyportugal.pt\/files\/uploads\/2019\/08\/dc0acac25bc2b035b3cc167607d3df8ef6b76032.jpg)\"><figure><img decoding=\"async\" src=\"https:\/\/proudlyportugal.pt\/files\/uploads\/2019\/08\/dc0acac25bc2b035b3cc167607d3df8ef6b76032.jpg\" alt=\"\"\/><figcaption><span>Parques Aqu\u00e1ticos, Algarve<\/span><\/figcaption><\/figure><\/div><\/div><div class=\"slide\" role=\"listitem\"><div class=\"figure-wrapper\" style=\"background-image:url(https:\/\/proudlyportugal.pt\/files\/uploads\/2019\/11\/museu-da-marioneta.jpg)\"><figure><img decoding=\"async\" src=\"https:\/\/proudlyportugal.pt\/files\/uploads\/2019\/11\/museu-da-marioneta.jpg\" alt=\"\"\/><figcaption><span>Museu da Marioneta, Lisboa<\/span><\/figcaption><\/figure><\/div><\/div><div class=\"slide\" role=\"listitem\"><div class=\"figure-wrapper\" style=\"background-image:url(https:\/\/proudlyportugal.pt\/files\/uploads\/2019\/11\/Museu_do_Brinquedo_Portugue\u0302s_Ponte-de-Lima.jpg)\"><figure><img decoding=\"async\" src=\"https:\/\/proudlyportugal.pt\/files\/uploads\/2019\/11\/Museu_do_Brinquedo_Portugue\u0302s_Ponte-de-Lima.jpg\" alt=\"\"\/><figcaption><span>Museu do Brinquedo, Ponte de Lima<\/span><\/figcaption><\/figure><\/div><\/div><div class=\"slide\" role=\"listitem\"><div class=\"figure-wrapper\" style=\"background-image:url(https:\/\/proudlyportugal.pt\/files\/uploads\/2019\/11\/Dino_Parque_31.jpg)\"><figure><img decoding=\"async\" src=\"https:\/\/proudlyportugal.pt\/files\/uploads\/2019\/11\/Dino_Parque_31.jpg\" alt=\"\"\/><figcaption><span>Dino Park, Lourinh\u00e3<\/span><\/figcaption><\/figure><\/div><\/div><div class=\"slide\" role=\"listitem\"><div class=\"figure-wrapper\" style=\"background-image:url(https:\/\/proudlyportugal.pt\/files\/uploads\/2019\/11\/benjamin-riedl-1lrlO3h_5pw-unsplash.jpg)\"><figure><img decoding=\"async\" src=\"https:\/\/proudlyportugal.pt\/files\/uploads\/2019\/11\/benjamin-riedl-1lrlO3h_5pw-unsplash.jpg\" alt=\"\"\/><figcaption><span>Badoca Safari Park, Alentejo<\/span><\/figcaption><\/figure><\/div><\/div><div class=\"slide\" role=\"listitem\"><div class=\"figure-wrapper\" style=\"background-image:url(https:\/\/proudlyportugal.pt\/files\/uploads\/2019\/11\/vidar-nordli-mathisen-njDnOteVf6c-unsplash.jpg)\"><figure><img decoding=\"async\" src=\"https:\/\/proudlyportugal.pt\/files\/uploads\/2019\/11\/vidar-nordli-mathisen-njDnOteVf6c-unsplash.jpg\" alt=\"\"\/><figcaption><span>Ocean\u00e1rio de Lisboa, Lisboa<\/span><\/figcaption><\/figure><\/div><\/div><\/div><\/div><\/div>\n\n\n\n<div class=\"wp-block-kobu-custom-blocks-responsive-spacer responsive-spacer size-xlarge\"><\/div>\n<\/div>\n","protected":false},"excerpt":{"rendered":"<p>Planear uma viagem em fam\u00edlia \u00e9 t\u00e3o desafiante quanto emocionante. No final do dia, trata-se de nutrir o tempo em fam\u00edlia, na encantadora cidade de Loul\u00e9.<\/p>\n","protected":false},"author":1,"featured_media":1532,"parent":2344,"menu_order":0,"comment_status":"closed","ping_status":"closed","template":"templates\/experience.php","meta":{"_acf_changed":false,"footnotes":""},"class_list":["post-2341","page","type-page","status-publish","has-post-thumbnail","hentry","page-entry"],"acf":[],"aioseo_notices":[],"_links":{"self":[{"href":"https:\/\/proudlyportugal.pt\/pt-pt\/wp-json\/wp\/v2\/pages\/2341","targetHints":{"allow":["GET"]}}],"collection":[{"href":"https:\/\/proudlyportugal.pt\/pt-pt\/wp-json\/wp\/v2\/pages"}],"about":[{"href":"https:\/\/proudlyportugal.pt\/pt-pt\/wp-json\/wp\/v2\/types\/page"}],"author":[{"embeddable":true,"href":"https:\/\/proudlyportugal.pt\/pt-pt\/wp-json\/wp\/v2\/users\/1"}],"replies":[{"embeddable":true,"href":"https:\/\/proudlyportugal.pt\/pt-pt\/wp-json\/wp\/v2\/comments?post=2341"}],"version-history":[{"count":5,"href":"https:\/\/proudlyportugal.pt\/pt-pt\/wp-json\/wp\/v2\/pages\/2341\/revisions"}],"predecessor-version":[{"id":4435,"href":"https:\/\/proudlyportugal.pt\/pt-pt\/wp-json\/wp\/v2\/pages\/2341\/revisions\/4435"}],"up":[{"embeddable":true,"href":"https:\/\/proudlyportugal.pt\/pt-pt\/wp-json\/wp\/v2\/pages\/2344"}],"wp:featuredmedia":[{"embeddable":true,"href":"https:\/\/proudlyportugal.pt\/pt-pt\/wp-json\/wp\/v2\/media\/1532"}],"wp:attachment":[{"href":"https:\/\/proudlyportugal.pt\/pt-pt\/wp-json\/wp\/v2\/media?parent=2341"}],"curies":[{"name":"wp","href":"https:\/\/api.w.org\/{rel}","templated":true}]}}