{"id":2340,"date":"2019-08-28T13:36:34","date_gmt":"2019-08-28T13:36:34","guid":{"rendered":"https:\/\/proudlyportugal.pt\/info\/"},"modified":"2023-02-23T10:45:20","modified_gmt":"2023-02-23T10:45:20","slug":"informacoes","status":"publish","type":"page","link":"https:\/\/proudlyportugal.pt\/pt-pt\/informacoes\/","title":{"rendered":"Informa\u00e7\u00f5es"},"content":{"rendered":"\n<p>Aqui podes consultar os nossos contactos e pol\u00edtica de privacidade, podes subscrever a nossa newsletter e ficar a par das \u00faltimas not\u00edcias, destinos e eventos, ou submeter o pedido para estares listado no diret\u00f3rio Proudly Portugal.<\/p>\n\n\n\n<ul class=\"wp-block-list\">\n<li><a href=\"https:\/\/www.proudlyportugal.pt\/pt-pt\/informacoes\/contactos\/\" title=\"\">Contactos<\/a><\/li>\n\n\n\n<li><a href=\"https:\/\/www.proudlyportugal.pt\/pt-pt\/informacoes\/privacy-policy\/\" title=\"\">Pol\u00edtica de Privacidade<\/a><\/li>\n\n\n\n<li><a href=\"https:\/\/www.proudlyportugal.pt\/pt-pt\/informacoes\/newsletter\/\" title=\"\">Subscrever a Newsletter<\/a><\/li>\n\n\n\n<li><a href=\"https:\/\/www.proudlyportugal.pt\/pt-pt\/informacoes\/participacao-diretorio\/\" title=\"\">Participa\u00e7\u00e3o no Diret\u00f3rio Proudly Portugal<\/a><\/li>\n<\/ul>\n","protected":false},"excerpt":{"rendered":"<p>Sabe mais informa\u00e7\u00f5es aqui. Podes consultar os nossos contactos e pol\u00edtica de privacidade, subscrever a newsletter ou fazer parte do diret\u00f3rio Proudly Portugal.<\/p>\n","protected":false},"author":1,"featured_media":0,"parent":0,"menu_order":0,"comment_status":"closed","ping_status":"closed","template":"","meta":{"_acf_changed":false,"footnotes":""},"class_list":["post-2340","page","type-page","status-publish","hentry","page-entry"],"acf":[],"aioseo_notices":[],"_links":{"self":[{"href":"https:\/\/proudlyportugal.pt\/pt-pt\/wp-json\/wp\/v2\/pages\/2340","targetHints":{"allow":["GET"]}}],"collection":[{"href":"https:\/\/proudlyportugal.pt\/pt-pt\/wp-json\/wp\/v2\/pages"}],"about":[{"href":"https:\/\/proudlyportugal.pt\/pt-pt\/wp-json\/wp\/v2\/types\/page"}],"author":[{"embeddable":true,"href":"https:\/\/proudlyportugal.pt\/pt-pt\/wp-json\/wp\/v2\/users\/1"}],"replies":[{"embeddable":true,"href":"https:\/\/proudlyportugal.pt\/pt-pt\/wp-json\/wp\/v2\/comments?post=2340"}],"version-history":[{"count":4,"href":"https:\/\/proudlyportugal.pt\/pt-pt\/wp-json\/wp\/v2\/pages\/2340\/revisions"}],"predecessor-version":[{"id":4416,"href":"https:\/\/proudlyportugal.pt\/pt-pt\/wp-json\/wp\/v2\/pages\/2340\/revisions\/4416"}],"wp:attachment":[{"href":"https:\/\/proudlyportugal.pt\/pt-pt\/wp-json\/wp\/v2\/media?parent=2340"}],"curies":[{"name":"wp","href":"https:\/\/api.w.org\/{rel}","templated":true}]}}