{"id":2335,"date":"2019-10-07T15:47:40","date_gmt":"2019-10-07T15:47:40","guid":{"rendered":"https:\/\/proudlyportugal.pt\/colourful-vibes-in-porto\/"},"modified":"2023-02-23T09:53:48","modified_gmt":"2023-02-23T09:53:48","slug":"o-espirito-colorido-da-invicta","status":"publish","type":"page","link":"https:\/\/proudlyportugal.pt\/pt-pt\/portugal-travel-to-feel\/o-espirito-colorido-da-invicta\/","title":{"rendered":"O esp\u00edrito colorido da Invicta"},"content":{"rendered":"\n<p>A Irina nasceu com um esp\u00edrito intenso e aventureiro. A sua forte paix\u00e3o pela dan\u00e7a levou-a a conhecer o mundo inteiro para partilhar conhecimento e acumular experi\u00eancia. A liberdade de express\u00e3o que ela encontrou nesta forma de arte combina com o seu amor por desafios. Para ela, a dan\u00e7a \u00e9 como um escape do mundo que a rodeia.<\/p>\n\n\n\n<p>Um lugar imagin\u00e1rio onde os movimentos respiram com a cidade. Uma bolha pessoal onde o ritmo da m\u00fasica espelha os sons da sua exist\u00eancia. \u00c9 por isso que a Irina viaja &#8211; para encontrar inspira\u00e7\u00e3o, procurar lugares com um clima cosmopolita, um ritmo acelerado e um pulso vibrante. Lugares como a cidade do Porto.<\/p>\n\n\n\n<div class=\"wp-block-kobu-custom-blocks-responsive-spacer responsive-spacer size-medium\"><\/div>\n\n\n\n<div class=\"wp-block-kobu-custom-blocks-section-wrapper alignfull kobu-section is-layout-constrained wp-block-section-wrapper-is-layout-constrained\">\n<div class=\"wp-block-kobu-custom-blocks-responsive-spacer responsive-spacer size-medium\"><\/div>\n\n\n\n<figure class=\"wp-block-image is-style-default\"><img loading=\"lazy\" decoding=\"async\" width=\"1024\" height=\"683\" src=\"https:\/\/proudlyportugal.pt\/files\/uploads\/2019\/11\/3O2A2731_web-1-1024x683.jpg\" alt=\"\" class=\"wp-image-1401\" srcset=\"https:\/\/proudlyportugal.pt\/files\/uploads\/2019\/11\/3O2A2731_web-1-1024x683.jpg 1024w, https:\/\/proudlyportugal.pt\/files\/uploads\/2019\/11\/3O2A2731_web-1-300x200.jpg 300w, https:\/\/proudlyportugal.pt\/files\/uploads\/2019\/11\/3O2A2731_web-1-768x512.jpg 768w, https:\/\/proudlyportugal.pt\/files\/uploads\/2019\/11\/3O2A2731_web-1.jpg 1200w\" sizes=\"auto, (max-width: 1024px) 100vw, 1024px\" \/><figcaption class=\"wp-element-caption\">A Street Art est\u00e1 presente no Porto, onde encontras v\u00e1rios edif\u00edcios decorados com obras de tirar o f\u00f4lego. A Rua da Cedofeita, decorada com os grafites coloridos de <a rel=\"noreferrer noopener\" href=\"https:\/\/www.instagram.com\/youthoner\/\" target=\"_blank\">Youthone&#8217;s<\/a>, \u00e9 exemplo do esp\u00edrito que se respira na Invicta!<\/figcaption><\/figure>\n\n\n\n<div class=\"wp-block-kobu-custom-blocks-responsive-spacer responsive-spacer size-medium\"><\/div>\n\n\n\n<h2 class=\"has-text-align-left wp-block-heading\"><strong>Sente a energia bo\u00e9mia e criativa do pa\u00eds<\/strong><\/h2>\n\n\n\n<p><br>Viajar \u00e9 uma experi\u00eancia colorida. Envolve sentimentos. Entusiasma-nos, assusta-nos. E, definitivamente, recompensa-nos. Abrir horizontes e experimentar diferentes culturas significa desfrutar de novas paisagens, conectar-nos com pessoas incr\u00edveis e sentir o esp\u00edrito das terras e dos habitantes locais.<\/p>\n\n\n\n<p>Portugal acolhe esta diversidade e mostra-te possibilidades ilimitadas e aventuras inesquec\u00edveis. Portugal \u00e9 o novo destino LGBTI da Europa, e o Porto \u00e9 definitivamente o lugar para se estar! Com os seus caf\u00e9s, esplanadas e recantos pitorescos, no Porto poder\u00e1s desfrutar de um ambiente jovem e tradicional.<\/p>\n\n\n\n<div class=\"wp-block-kobu-custom-blocks-responsive-spacer responsive-spacer size-medium\"><\/div>\n\n\n\n<div class=\"wp-block-kobu-custom-blocks-margin-aligned-image alignfull  align-left valign-center img-first\"><div class=\"media-col\"><figure><img decoding=\"async\" src=\"https:\/\/proudlyportugal.pt\/files\/uploads\/2019\/11\/3O2A3094_web.jpg\" alt=\"\" title=\"3O2A3094_web\"\/><\/figure><\/div><div class=\"content-col\"><div class=\"content-col-wrapper\">\n<h2 class=\"wp-block-heading\"><strong>Encontra arte nas suas variadas formas<\/strong><\/h2>\n\n\n\n<p>O Porto respira um estilo de vida cosmopolita, com uma oferta cultural vibrante e fascinante, e existem muitos locais na cidade por onde escolher e explorar.<\/p>\n\n\n\n<p>Dos emaranhados de ruas estreitas at\u00e9 \u00e0 Capela das Almas, memor\u00e1vel e ornada de azulejos, \u00e0 Rua de Santa Catarina (\u00e0 tua esquerda), passando pela&nbsp; inevit\u00e1vel e moderna Zona da Ribeira, h\u00e1 muito para ver e fazer, mas certamente que n\u00e3o vais querer perder a vida noturna agitada e a cena LGBTI da cidade! <\/p>\n<\/div><\/div><\/div>\n\n\n\n<div class=\"wp-block-kobu-custom-blocks-responsive-spacer responsive-spacer size-medium\"><\/div>\n\n\n\n<p class=\"has-text-align-center is-style-serif has-large-font-size\">O Porto \u00e9 uma porta de entrada entre as idades. \u00c9 vibrante, hist\u00f3rico, agitado e cl\u00e1ssico, tudo ao mesmo tempo.<\/p>\n\n\n\n<div class=\"wp-block-kobu-custom-blocks-responsive-spacer responsive-spacer size-medium\"><\/div>\n\n\n\n<div class=\"wp-block-kobu-custom-blocks-margin-aligned-image alignfull  align-right valign-center img-first\"><div class=\"media-col\"><figure><img decoding=\"async\" src=\"https:\/\/proudlyportugal.pt\/files\/uploads\/2019\/11\/3O2A2997_web.jpg\" alt=\"\" title=\"3O2A2997_web\"\/><\/figure><\/div><div class=\"content-col\"><div class=\"content-col-wrapper\">\n<h2 class=\"wp-block-heading\"><strong>Portugal \u00e9 de todas as cores!<\/strong><\/h2>\n\n\n\n<p>O Porto est\u00e1 rapidamente a tornar-se num dos destinos tur\u00edsticos LGBTI mais populares da Europa. S\u00e9culos de hist\u00f3ria constru\u00edram a ineg\u00e1vel heran\u00e7a do Porto e moldaram a sua forte personalidade. Hoje, a cidade oferece um estilo de vida alegre e inclusivo.<\/p>\n\n\n\n<p>Na Invicta, decorre uma cena art\u00edstica florescente e uma oferta gastron\u00f3mica requintada, com fant\u00e1sticas obras de arte de rua em cada esquina, como a principal obra de arte p\u00fablica de <a rel=\"noreferrer noopener\" href=\"https:\/\/www.instagram.com\/joanavasconcelosatelier\/\" target=\"_blank\">Joana Vasconcelos&#8217;s<\/a> (vista aqui), perto dos Cl\u00e9rigos.<\/p>\n<\/div><\/div><\/div>\n\n\n\n<div class=\"wp-block-kobu-custom-blocks-responsive-spacer responsive-spacer size-medium\"><\/div>\n\n\n\n<h2 class=\"has-text-align-left wp-block-heading\"><strong>Atra\u00e7\u00f5es no Porto Gay<\/strong><\/h2>\n\n\n\n<p>A vida noturna gay no Porto ocorre em muitos bares e discotecas que oferecem festas e eventos.<\/p>\n\n\n\n<p>A comunidade LGBTI \u00e9 celebrada dentro de uma atmosfera de respeito e de aceita\u00e7\u00e3o, uma vez que Portugal possui um quadro legal progressivo em rela\u00e7\u00e3o aos direitos dos homossexuais. O casamento gay, a ado\u00e7\u00e3o de crian\u00e7as por casais do mesmo sexo, um processo simplificado de identifica\u00e7\u00e3o legal de g\u00e9nero e at\u00e9 a proibi\u00e7\u00e3o de discrimina\u00e7\u00e3o com base na orienta\u00e7\u00e3o sexual s\u00e3o direitos previstos na Constitui\u00e7\u00e3o Portuguesa.<\/p>\n\n\n\n<p>A cena gay do Porto serve uma variedade de eventos culturais e o maior deles \u00e9 o <a href=\"https:\/\/www.facebook.com\/PridePorto\/\" target=\"_blank\" rel=\"noreferrer noopener\" aria-label=\" (opens in a new tab)\">Porto Pride<\/a>, um evento anual realizado em setembro, e tamb\u00e9m o <a rel=\"noreferrer noopener\" href=\"https:\/\/www.facebook.com\/qporto\/\" target=\"_blank\">Queer Porto<\/a> &#8211; Festival Internacional de Cinema Queer do Porto, em outubro. Se estiveres \u00e0 procura de eventos de menores dimens\u00f5es, ser\u00e1 muito f\u00e1cil ficares a conhecer o esp\u00edrito gay do Porto ao longo do ano e \u00e9 sempre uma op\u00e7\u00e3o conheceres mais coisas ao perguntares por a\u00ed. Portugal sabe seguramente como ser um \u00f3timo anfitri\u00e3o!<\/p>\n\n\n\n<p>Adiciona a essa mistura todos os lugares lindos, museus e galerias de arte, a arte de rua, muito sol e as aventuras pelas vinhas e praias e vais entender o romance da Invicta.<\/p>\n\n\n\n<div class=\"wp-block-kobu-custom-blocks-responsive-spacer responsive-spacer size-medium\"><\/div>\n\n\n\n<h2 class=\"wp-block-heading\"><strong>Uma mir\u00edade de op\u00e7\u00f5es: o que vais escolher?<\/strong><\/h2>\n\n\n\n<figure class=\"wp-block-image\"><img loading=\"lazy\" decoding=\"async\" width=\"1024\" height=\"683\" src=\"https:\/\/proudlyportugal.pt\/files\/uploads\/2019\/11\/3O2A3318_web-1024x683.jpg\" alt=\"\" class=\"wp-image-1413\" srcset=\"https:\/\/proudlyportugal.pt\/files\/uploads\/2019\/11\/3O2A3318_web-1024x683.jpg 1024w, https:\/\/proudlyportugal.pt\/files\/uploads\/2019\/11\/3O2A3318_web-300x200.jpg 300w, https:\/\/proudlyportugal.pt\/files\/uploads\/2019\/11\/3O2A3318_web-768x512.jpg 768w, https:\/\/proudlyportugal.pt\/files\/uploads\/2019\/11\/3O2A3318_web.jpg 1920w\" sizes=\"auto, (max-width: 1024px) 100vw, 1024px\" \/><figcaption class=\"wp-element-caption\">A vista pitoresca da Zona da Ribeira, no centro do Porto. Segura-te, porque esta vista, al\u00e9m de incr\u00edvel, \u00e9 hipnotizante! <\/figcaption><\/figure>\n\n\n\n<div class=\"wp-block-kobu-custom-blocks-responsive-spacer responsive-spacer size-medium\"><\/div>\n\n\n\n<p>Atreve-te a aventurares-te em Portugal. <br>A diversidade est\u00e1 em ordem: hist\u00f3ria, cultura, tradi\u00e7\u00f5es, gastronomia e vinhos est\u00e3o entre os principais motivos para visitar Portugal, sem mencionar as praias deslumbrantes, festivais de m\u00fasica e as pessoas calorosas e acolhedoras. <\/p>\n\n\n\n<p>Premiado com o World Travel Awards, Portugal foi eleito como o Melhor Destino do Mundo. Verifica as agendas de Lisboa e Porto ao longo de todo o ano e vais seguramente encontrar muitos eventos culturais, como festivais de m\u00fasica, semanas de moda, exposi\u00e7\u00f5es de cinema, entre muitos outros. Deixa-te surpreender pela vasta oferta que Portugal tem para te oferecer.<\/p>\n\n\n\n<p>Cor fora de linha\u2026 Numa cidade t\u00e3o vibrante quanto a alma.<\/p>\n\n\n\n<p>Portugal. Viaja para sentir.<\/p>\n\n\n\n<div class=\"wp-block-kobu-custom-blocks-responsive-spacer responsive-spacer size-medium\"><\/div>\n\n\n\n<h2 class=\"wp-block-heading\">Top sugest\u00f5es para aproveitares o melhor de Portugal<\/h2>\n\n\n\n<p>Na lista que se segues encontras diversas escolhas com base na vibe ecl\u00e9tica da cidade do Porto. <\/p>\n\n\n\n<ul class=\"wp-block-list\">\n<li><a rel=\"noreferrer noopener\" aria-label=\"Casa da M\u00fasica (opens in a new tab)\" href=\"https:\/\/www.casadamusica.com\/en\/#\" target=\"_blank\">Casa da M\u00fasica<\/a>, Porto<\/li>\n\n\n\n<li><a rel=\"noreferrer noopener\" aria-label=\"Serralves Museum (opens in a new tab)\" href=\"https:\/\/www.serralves.pt\/en\/museum\/the-museum\/\" target=\"_blank\">Museu de Serralves<\/a>, Porto<\/li>\n\n\n\n<li><a rel=\"noreferrer noopener\" aria-label=\"MAAT - Museum of Art, Architecture and Technology (opens in a new tab)\" href=\"https:\/\/www.maat.pt\/en\" target=\"_blank\">MAAT &#8211; Museu de Arte, Arquitetura e Tecnologia<\/a>, Lisboa<\/li>\n\n\n\n<li><a rel=\"noreferrer noopener\" aria-label=\" (opens in a new tab)\" href=\"https:\/\/www.under-dogs.net\/\" target=\"_blank\">Underdogs Gallery<\/a>, Lisboa<\/li>\n\n\n\n<li><a rel=\"noreferrer noopener\" aria-label=\" (opens in a new tab)\" href=\"https:\/\/www.festivaliminente.com\/en\/\" target=\"_blank\">Iminente<\/a>, Monsanto<\/li>\n\n\n\n<li><a href=\"https:\/\/www.primaverasound.com\/pt\/porto\" target=\"_blank\" rel=\"noopener\" title=\"\">Porto Primavera Sound,<\/a> Parque da Cidade<\/li>\n\n\n\n<li><a rel=\"noreferrer noopener\" aria-label=\"M\u00eada + Festival (opens in a new tab)\" href=\"https:\/\/medamais.pt\/acerca-de\/\" target=\"_blank\">M\u00eada + Festival<\/a>, M\u00eada<\/li>\n\n\n\n<li><a rel=\"noreferrer noopener\" aria-label=\"\u2028North Dance Festival (opens in a new tab)\" href=\"https:\/\/festivalnortedanca.org\/\" target=\"_blank\">North Dance Festival<\/a>, Porto<\/li>\n\n\n\n<li><a rel=\"noreferrer noopener\" aria-label=\"289 Association (opens in a new tab)\" href=\"https:\/\/www.289.pt\/\" target=\"_blank\">289 Association<\/a>, Faro<\/li>\n<\/ul>\n\n\n\n<div class=\"wp-block-kobu-custom-blocks-responsive-spacer responsive-spacer size-medium\"><\/div>\n\n\n\n<div class=\"wp-block-kobu-custom-blocks-slider-gallery alignwide\"><div class=\"slider-gallery gallery-container hidden  \"><div class=\"gallery \" role=\"list\"><div class=\"slide\" role=\"listitem\"><div class=\"figure-wrapper\" style=\"background-image:url(https:\/\/proudlyportugal.pt\/files\/uploads\/2019\/11\/casa-da-musica-unsplash.jpg)\"><figure><img decoding=\"async\" src=\"https:\/\/proudlyportugal.pt\/files\/uploads\/2019\/11\/casa-da-musica-unsplash.jpg\" alt=\"\"\/><figcaption><span>Casa da M\u00fasica, Porto<\/span><\/figcaption><\/figure><\/div><\/div><div class=\"slide\" role=\"listitem\"><div class=\"figure-wrapper\" style=\"background-image:url(https:\/\/proudlyportugal.pt\/files\/uploads\/2019\/11\/Casa_e_jardins_de_Serralves_4-2.jpg)\"><figure><img decoding=\"async\" src=\"https:\/\/proudlyportugal.pt\/files\/uploads\/2019\/11\/Casa_e_jardins_de_Serralves_4-2.jpg\" alt=\"\"\/><figcaption><span>Museu de Serralves, Porto<\/span><\/figcaption><\/figure><\/div><\/div><div class=\"slide\" role=\"listitem\"><div class=\"figure-wrapper\" style=\"background-image:url(https:\/\/proudlyportugal.pt\/files\/uploads\/2019\/11\/bubbles-lisbon.jpg)\"><figure><img decoding=\"async\" src=\"https:\/\/proudlyportugal.pt\/files\/uploads\/2019\/11\/bubbles-lisbon.jpg\" alt=\"\"\/><figcaption><span>Rossio, baixa de Lisboa<\/span><\/figcaption><\/figure><\/div><\/div><div class=\"slide\" role=\"listitem\"><div class=\"figure-wrapper\" style=\"background-image:url(https:\/\/proudlyportugal.pt\/files\/uploads\/2019\/11\/madalena-veloso-Lzg58lXae3c-unsplash-2.jpg)\"><figure><img decoding=\"async\" src=\"https:\/\/proudlyportugal.pt\/files\/uploads\/2019\/11\/madalena-veloso-Lzg58lXae3c-unsplash-2.jpg\" alt=\"\"\/><figcaption><span>MAAT, Lisboa<\/span><\/figcaption><\/figure><\/div><\/div><div class=\"slide\" role=\"listitem\"><div class=\"figure-wrapper\" style=\"background-image:url(https:\/\/proudlyportugal.pt\/files\/uploads\/2019\/11\/CCB.jpg)\"><figure><img decoding=\"async\" src=\"https:\/\/proudlyportugal.pt\/files\/uploads\/2019\/11\/CCB.jpg\" alt=\"\"\/><figcaption><span>CCB &#8211; Centro Cultural de Bel\u00e9m, Lisboa<\/span><\/figcaption><\/figure><\/div><\/div><div class=\"slide\" role=\"listitem\"><div class=\"figure-wrapper\" style=\"background-image:url(https:\/\/proudlyportugal.pt\/files\/uploads\/2019\/11\/dance-festival.jpg)\"><figure><img decoding=\"async\" src=\"https:\/\/proudlyportugal.pt\/files\/uploads\/2019\/11\/dance-festival.jpg\" alt=\"\"\/><figcaption><span>Northern Dance Festival, Porto<\/span><\/figcaption><\/figure><\/div><\/div><div class=\"slide\" role=\"listitem\"><div class=\"figure-wrapper\" style=\"background-image:url(https:\/\/proudlyportugal.pt\/files\/uploads\/2019\/11\/lisbon-by-night.jpg)\"><figure><img decoding=\"async\" src=\"https:\/\/proudlyportugal.pt\/files\/uploads\/2019\/11\/lisbon-by-night.jpg\" alt=\"\"\/><figcaption><span>Lisboa \u00e0 noite<\/span><\/figcaption><\/figure><\/div><\/div><div class=\"slide\" role=\"listitem\"><div class=\"figure-wrapper\" style=\"background-image:url(https:\/\/proudlyportugal.pt\/files\/uploads\/2019\/11\/underground-gallery.jpg)\"><figure><img decoding=\"async\" src=\"https:\/\/proudlyportugal.pt\/files\/uploads\/2019\/11\/underground-gallery.jpg\" alt=\"\"\/><figcaption><span>Underdogs Gallery, Lisboa<\/span><\/figcaption><\/figure><\/div><\/div><\/div><\/div><\/div>\n\n\n\n<div class=\"wp-block-kobu-custom-blocks-responsive-spacer responsive-spacer size-xlarge\"><\/div>\n<\/div>\n","protected":false},"excerpt":{"rendered":"<p>\u00c9 por isso que Irina viaja &#8211; para encontrar inspira\u00e7\u00e3o, procurar lugares com um esp\u00edrito colorido e um pulso vibrante. Lugares como a cidade &#8220;invicta&#8221; do Porto.<\/p>\n","protected":false},"author":1,"featured_media":1419,"parent":2344,"menu_order":0,"comment_status":"closed","ping_status":"closed","template":"templates\/experience.php","meta":{"_acf_changed":false,"footnotes":""},"class_list":["post-2335","page","type-page","status-publish","has-post-thumbnail","hentry","page-entry"],"acf":[],"aioseo_notices":[],"_links":{"self":[{"href":"https:\/\/proudlyportugal.pt\/pt-pt\/wp-json\/wp\/v2\/pages\/2335","targetHints":{"allow":["GET"]}}],"collection":[{"href":"https:\/\/proudlyportugal.pt\/pt-pt\/wp-json\/wp\/v2\/pages"}],"about":[{"href":"https:\/\/proudlyportugal.pt\/pt-pt\/wp-json\/wp\/v2\/types\/page"}],"author":[{"embeddable":true,"href":"https:\/\/proudlyportugal.pt\/pt-pt\/wp-json\/wp\/v2\/users\/1"}],"replies":[{"embeddable":true,"href":"https:\/\/proudlyportugal.pt\/pt-pt\/wp-json\/wp\/v2\/comments?post=2335"}],"version-history":[{"count":5,"href":"https:\/\/proudlyportugal.pt\/pt-pt\/wp-json\/wp\/v2\/pages\/2335\/revisions"}],"predecessor-version":[{"id":4386,"href":"https:\/\/proudlyportugal.pt\/pt-pt\/wp-json\/wp\/v2\/pages\/2335\/revisions\/4386"}],"up":[{"embeddable":true,"href":"https:\/\/proudlyportugal.pt\/pt-pt\/wp-json\/wp\/v2\/pages\/2344"}],"wp:featuredmedia":[{"embeddable":true,"href":"https:\/\/proudlyportugal.pt\/pt-pt\/wp-json\/wp\/v2\/media\/1419"}],"wp:attachment":[{"href":"https:\/\/proudlyportugal.pt\/pt-pt\/wp-json\/wp\/v2\/media?parent=2335"}],"curies":[{"name":"wp","href":"https:\/\/api.w.org\/{rel}","templated":true}]}}