{"id":2334,"date":"2019-10-08T09:52:03","date_gmt":"2019-10-08T09:52:03","guid":{"rendered":"https:\/\/proudlyportugal.pt\/love-has-a-name-at-quinta-do-lago\/"},"modified":"2023-02-23T10:23:37","modified_gmt":"2023-02-23T10:23:37","slug":"amor-tem-um-nome-na-quinta-do-lago","status":"publish","type":"page","link":"https:\/\/proudlyportugal.pt\/pt-pt\/portugal-travel-to-feel\/amor-tem-um-nome-na-quinta-do-lago\/","title":{"rendered":"O Amor tem um nome na Quinta do Lago"},"content":{"rendered":"\n<p>Nick e Paul est\u00e3o juntos h\u00e1 mais de 20 anos. Para estes londrinos, a rotina acelerada do mundo financeiro dificulta a fuga \u00e0 agita\u00e7\u00e3o da vida quotidiana.<\/p>\n\n\n\n<p>H\u00e1 momentos em que Nick e Paul sentem a necessidade de restaurar o seu equil\u00edbrio interno. Se ao menos pudessem parar o tempo por um segundo e somente olhar em redor&#8230; Inspirar, expirar, dar as m\u00e3os e aproveitar o momento.<\/p>\n\n\n\n<div class=\"wp-block-kobu-custom-blocks-responsive-spacer responsive-spacer size-medium\"><\/div>\n\n\n\n<div class=\"wp-block-kobu-custom-blocks-section-wrapper alignfull kobu-section is-layout-constrained wp-block-section-wrapper-is-layout-constrained\">\n<div class=\"wp-block-kobu-custom-blocks-responsive-spacer responsive-spacer size-medium\"><\/div>\n\n\n\n<figure class=\"wp-block-image size-large\"><img loading=\"lazy\" decoding=\"async\" width=\"1024\" height=\"682\" src=\"https:\/\/proudlyportugal.pt\/files\/uploads\/2019\/08\/dad2024ad7dbbef982bbe40c0013e4925fcdef9b-1024x682.jpg\" alt=\"\" class=\"wp-image-435\" srcset=\"https:\/\/proudlyportugal.pt\/files\/uploads\/2019\/08\/dad2024ad7dbbef982bbe40c0013e4925fcdef9b-1024x682.jpg 1024w, https:\/\/proudlyportugal.pt\/files\/uploads\/2019\/08\/dad2024ad7dbbef982bbe40c0013e4925fcdef9b-300x200.jpg 300w, https:\/\/proudlyportugal.pt\/files\/uploads\/2019\/08\/dad2024ad7dbbef982bbe40c0013e4925fcdef9b-768x512.jpg 768w, https:\/\/proudlyportugal.pt\/files\/uploads\/2019\/08\/dad2024ad7dbbef982bbe40c0013e4925fcdef9b.jpg 2030w\" sizes=\"auto, (max-width: 1024px) 100vw, 1024px\" \/><figcaption class=\"wp-element-caption\">Esta luminosa j\u00f3ia natural, situada na costa sul de Portugal, \u00e9 o destino perfeito para desfrutar, juntamente com o cen\u00e1rio maravilhoso do vasto mar, praias requintadas e ba\u00edas em tons verdes e azuis.<\/figcaption><\/figure>\n\n\n\n<div class=\"wp-block-kobu-custom-blocks-responsive-spacer responsive-spacer size-medium\"><\/div>\n\n\n\n<h2 class=\"wp-block-heading\"><strong>A Felicidade espera por ti<\/strong> em Portugal<\/h2>\n\n\n\n<p>Quando os alarmes do cansa\u00e7o disparam, \u00e9 altura de Nick e Paul se instalarem na Quinta do Lago. Portugal \u00e9 um destino bem conhecido dos brit\u00e2nicos e Nick e Paul apreciam particularmente o Algarve.<\/p>\n\n\n\n<p>N\u00e3o admira! A regi\u00e3o apresenta condi\u00e7\u00f5es tentadoras para quem procura um novo bem-estar: resorts de luxo, ba\u00edas, cavernas marinhas, fal\u00e9sias alaranjadas, praias douradas, ilhas arenosas e sorrisos calorosos.<\/p>\n\n\n\n<div class=\"wp-block-kobu-custom-blocks-responsive-spacer responsive-spacer size-medium\"><\/div>\n\n\n\n<div class=\"wp-block-kobu-custom-blocks-margin-aligned-image alignfull  align-left valign-center img-first\"><div class=\"media-col\"><figure><img decoding=\"async\" src=\"https:\/\/proudlyportugal.pt\/files\/uploads\/2019\/11\/3O2A0714_web.jpg\" alt=\"\" title=\"3O2A0714_web\"\/><\/figure><\/div><div class=\"content-col\"><div class=\"content-col-wrapper\">\n<h2 class=\"wp-block-heading\"><strong>De m\u00e3o dada, sente a beleza do Algarve<\/strong><\/h2>\n\n\n\n<p>A Quinta do Lago \u00e9 uma comunidade especial situada no interior da privacidade e seguran\u00e7a da Reserva Natural da Ria Formosa.<\/p>\n\n\n\n<p>Este lugar no sul de Portugal tornou-se sin\u00f3nimo de clima quente o ano inteiro, praias id\u00edlicas, um estilo de vida ativo ao ar livre e restaurantes de primeira classe.&nbsp;<\/p>\n\n\n\n<p>Mergulha neste para\u00edso ensolarado, absorve as paisagens encantadoras e regressa a casa com as mem\u00f3rias mais inesquec\u00edveis. Visita aldeias intocadas e pitorescas, onde os tra\u00e7os da arquitetura mourisca se mant\u00eam intactos. Rende-te \u00e0s paisagens e deixa-te envolver pelo seu esp\u00edrito \u00e0 medida que esqueces todas as preocupa\u00e7\u00f5es.&nbsp;<\/p>\n<\/div><\/div><\/div>\n\n\n\n<div class=\"wp-block-kobu-custom-blocks-responsive-spacer responsive-spacer size-medium\"><\/div>\n\n\n\n<div class=\"wp-block-kobu-custom-blocks-responsive-spacer responsive-spacer size-medium\"><\/div>\n\n\n\n<p class=\"has-text-align-center is-style-serif has-large-font-size\">Muitas vezes, uma pequena pausa na rotina \u00e9 a aventura que precisamos para elevar o esp\u00edrito.<\/p>\n\n\n\n<div class=\"wp-block-kobu-custom-blocks-responsive-spacer responsive-spacer size-medium\"><\/div>\n\n\n\n<div class=\"wp-block-kobu-custom-blocks-responsive-spacer responsive-spacer size-medium\"><\/div>\n\n\n\n<div class=\"wp-block-kobu-custom-blocks-margin-aligned-image alignfull  align-right valign-center img-first\"><div class=\"media-col\"><figure><img decoding=\"async\" src=\"https:\/\/proudlyportugal.pt\/files\/uploads\/2019\/11\/3O2A1149_web.jpg\" alt=\"\" title=\"3O2A1149_web\"\/><\/figure><\/div><div class=\"content-col\"><div class=\"content-col-wrapper\">\n<h2 class=\"wp-block-heading\"><strong>Sai da rotina e entra no Sereno ritmo da Vida<\/strong><\/h2>\n\n\n\n<p>Portugal \u00e9 um pa\u00eds hospitaleiro de excel\u00eancia. Desde h\u00e1 d\u00e9cadas que recebemos turistas de todo o mundo e fazemo-lo de acordo com os mais altos padr\u00f5es de exig\u00eancia. Desde hot\u00e9is de luxo, at\u00e9 \u00e0s unidades de 5 estrelas fornecidas pelos melhores profissionais.<\/p>\n\n\n\n<p>Saboreia os melhores cocktails nos rooftops lisboetas, um marisco de requinte em Olh\u00e3o ou os famosos vinhos no Porto. Quer escolhas o norte ou o sul de Portugal, uma coisa \u00e9 certa: daqui vais levar mem\u00f3rias para toda a vida.<\/p>\n\n\n\n<p>Portugal oferece todas as condi\u00e7\u00f5es necess\u00e1rias para relaxar, que te permitem esquecer o mundo l\u00e1 fora e desfrutar de momentos de pura tranquilidade.<\/p>\n<\/div><\/div><\/div>\n\n\n\n<div class=\"wp-block-kobu-custom-blocks-responsive-spacer responsive-spacer size-large\"><\/div>\n\n\n\n<h2 class=\"wp-block-heading\"><strong>A Grande Fuga<\/strong><\/h2>\n\n\n\n<p>Muitas vezes, uma pequena pausa na rotina \u00e9 a quantidade certa de aventura que precisamos para elevar o esp\u00edrito, criando mem\u00f3rias para onde podemos fugir mentalmente quando o stress entra em a\u00e7\u00e3o.<\/p>\n\n\n\n<p>Luxo nem sempre significa experi\u00eancias requintadas ou sofisticadas, mas o privil\u00e9gio de desfrutar de momentos simples, por\u00e9m, \u00fanicos, que podem nutrir a alma e levar o cora\u00e7\u00e3o \u00e0 calma de dias agrad\u00e1veis. Em Portugal, encontras m\u00faltiplas op\u00e7\u00f5es que te levam ao encontro do bem-estar e das boas energias. Recarrega baterias enquanto contemplas o p\u00f4r-do-sol \u00e0 beira-mar. Partilha a paisagem com quem mais amas.&nbsp;<\/p>\n\n\n\n<div class=\"wp-block-kobu-custom-blocks-responsive-spacer responsive-spacer size-medium\"><\/div>\n\n\n\n<h2 class=\"wp-block-heading\"><strong>Uma p\u00e9rola escondida que acabaste de descobrir!<\/strong><\/h2>\n\n\n<div class=\"wp-block-image\">\n<figure class=\"aligncenter size-large\"><img loading=\"lazy\" decoding=\"async\" width=\"1024\" height=\"682\" src=\"https:\/\/proudlyportugal.pt\/files\/uploads\/2019\/11\/3O2A0793_web-1024x682.jpg\" alt=\"\" class=\"wp-image-1574\" srcset=\"https:\/\/proudlyportugal.pt\/files\/uploads\/2019\/11\/3O2A0793_web-1024x682.jpg 1024w, https:\/\/proudlyportugal.pt\/files\/uploads\/2019\/11\/3O2A0793_web-300x200.jpg 300w, https:\/\/proudlyportugal.pt\/files\/uploads\/2019\/11\/3O2A0793_web-768x512.jpg 768w, https:\/\/proudlyportugal.pt\/files\/uploads\/2019\/11\/3O2A0793_web.jpg 1600w\" sizes=\"auto, (max-width: 1024px) 100vw, 1024px\" \/><figcaption class=\"wp-element-caption\">Atividades ao ar livre est\u00e3o dispon\u00edveis para quem gosta de manter-se ativo! A Quinta do Lago \u00e9 conhecida por ser um para\u00edso para os golfistas, e por oferecer tamb\u00e9m pistas \u00fanicas de corrida e jogging com vistas incr\u00edveis para que possas escapar da rotina e tirar o melhor proveito do Algarve.<\/figcaption><\/figure><\/div>\n\n\n<div class=\"wp-block-kobu-custom-blocks-responsive-spacer responsive-spacer size-medium\"><\/div>\n\n\n\n<p>Atividades ao ar livre, como t\u00e9nis, golfe, equita\u00e7\u00e3o ou desportos aqu\u00e1ticos, est\u00e3o dispon\u00edveis para quem prefere manter-se ativo e em boa forma. Mas tamb\u00e9m podes aproveitar para parar e sentir a leveza do ar em teu redor. Perfume a mar\u00e9 baixa, prova alguns dos produtos mais frescos do mar algarvio, escuta a quietude do nascer do sol. Mem\u00f3rias agrad\u00e1veis do canto mais perfumado e brilhante da Europa.<\/p>\n\n\n\n<p>Portugal foi distinguido em 2019 com o pr\u00e9mio de Melhor Destino Tur\u00edstico Europeu pelo World Travel Awards, o equivalente ao \u00d3scar no sector do turismo. O pa\u00eds est\u00e1 a crescer em popularidade a cada ano e est\u00e1 entre os 20 pa\u00edses mais visitados do mundo, recebendo uma m\u00e9dia de 13 milh\u00f5es de turistas estrangeiros por ano.<\/p>\n\n\n\n<p>Entrega-te ao estilo de vida portugu\u00eas e surpreende-te com a vasta oferta que o pa\u00eds tem para ti.<\/p>\n\n\n\n<p>Revela segredos \u00fanicos, longe da distra\u00e7\u00e3o&#8230; Onde o Amor tem um nome.<\/p>\n\n\n\n<div class=\"wp-block-kobu-custom-blocks-responsive-spacer responsive-spacer size-medium\"><\/div>\n\n\n\n<h2 class=\"wp-block-heading\"><strong>10 Destinos Rom\u00e2nticos para descobrir em Portugal<\/strong><\/h2>\n\n\n\n<p>Na lista que se segue, podes encontrar uma agenda recheada de atividades memor\u00e1veis e semelhantes \u00e0 atmosfera relaxante do Algarve.<\/p>\n\n\n\n<ul class=\"wp-block-list\">\n<li><a href=\"https:\/\/www.visitportugal.com\/pt-pt\/content\/algarve-o-melhor-destino-de-golfe\" target=\"_blank\" rel=\"noopener\" title=\"\">Campos de Golf<\/a>, Quinta do Lago<\/li>\n\n\n\n<li><a href=\"https:\/\/www.visitportugal.com\/en\/node\/147926\">Caldas de Monchique<\/a>, Monchique<\/li>\n\n\n\n<li><a href=\"https:\/\/tasteporto.com\/port-wine-cellars-you-cant-miss-in-porto\/\" target=\"_blank\" rel=\"noopener\" title=\"\">Provas de Vinho<\/a>, Porto<\/li>\n\n\n\n<li><a href=\"https:\/\/www.cruzeiros-douro.pt\/\" target=\"_blank\" rel=\"noopener\" title=\"\">Descida do Douro<\/a>, Douro<\/li>\n\n\n\n<li><a rel=\"noreferrer noopener\" aria-label=\"Horseback Riding (opens in a new tab)\" href=\"https:\/\/www.passeiosacavalomelides.com\/en\/\" target=\"_blank\">Andar de Cavalo<\/a>, Comporta<\/li>\n\n\n\n<li><a rel=\"noreferrer noopener\" aria-label=\"Watching the sunset (opens in a new tab)\" href=\"https:\/\/www.visitalgarve.pt\/en\/2311\/praia-de-cacela-velha-fabrica-mar.aspx\" target=\"_blank\">Desfrutar do p\u00f4r-do-sol<\/a>, Praia da F\u00e1brica<\/li>\n\n\n\n<li><a rel=\"noreferrer noopener\" aria-label=\"Yacht Sailing (opens in a new tab)\" href=\"https:\/\/www.palmayachts.com\/\" target=\"_blank\">Viagem de Iate<\/a>, Cascais<\/li>\n\n\n\n<li><a rel=\"noreferrer noopener\" aria-label=\"Enjoying a cocktail in rooftop (by night) (opens in a new tab)\" href=\"https:\/\/www.lisbonlux.com\/magazine\/the-10-best-rooftop-bars-and-terraces-in-lisbon\/\" target=\"_blank\">Desfrutar de um cocktail num rooftop (de noite)<\/a>, Lisboa<\/li>\n\n\n\n<li><a href=\"https:\/\/www.bestguide.pt\/lisboa\/20-casas-de-fado-em-lisboa\/\" target=\"_blank\" rel=\"noopener\" title=\"\">Casas de Fado<\/a>, Alfama<\/li>\n\n\n\n<li><a rel=\"noreferrer noopener\" aria-label=\"Fine Dining (opens in a new tab)\" href=\"https:\/\/www.myguidealgarve.com\/travel-articles\/top-10-fine-dining-restaurants-in-algarve\" target=\"_blank\">Cozinha Sofisticada<\/a>, Algarve<\/li>\n<\/ul>\n\n\n\n<div class=\"wp-block-kobu-custom-blocks-responsive-spacer responsive-spacer size-medium\"><\/div>\n\n\n\n<div class=\"wp-block-kobu-custom-blocks-slider-gallery alignwide\"><div class=\"slider-gallery gallery-container hidden  \"><div class=\"gallery \" role=\"list\"><div class=\"slide\" role=\"listitem\"><div class=\"figure-wrapper\" style=\"background-image:url(https:\/\/proudlyportugal.pt\/files\/uploads\/2019\/11\/golf-course.jpg)\"><figure><img decoding=\"async\" src=\"https:\/\/proudlyportugal.pt\/files\/uploads\/2019\/11\/golf-course.jpg\" alt=\"\"\/><figcaption><span>Campos de Golf, Algarve<\/span><\/figcaption><\/figure><\/div><\/div><div class=\"slide\" role=\"listitem\"><div class=\"figure-wrapper\" style=\"background-image:url(https:\/\/proudlyportugal.pt\/files\/uploads\/2019\/11\/wine-tasting.jpg)\"><figure><img decoding=\"async\" src=\"https:\/\/proudlyportugal.pt\/files\/uploads\/2019\/11\/wine-tasting.jpg\" alt=\"\"\/><figcaption><span>Provas de Vinho, Douro<\/span><\/figcaption><\/figure><\/div><\/div><div class=\"slide\" role=\"listitem\"><div class=\"figure-wrapper\" style=\"background-image:url(https:\/\/proudlyportugal.pt\/files\/uploads\/2019\/11\/sailing-algarve.jpg)\"><figure><img decoding=\"async\" src=\"https:\/\/proudlyportugal.pt\/files\/uploads\/2019\/11\/sailing-algarve.jpg\" alt=\"\"\/><figcaption><span>Viagem de Iate, Cascais<\/span><\/figcaption><\/figure><\/div><\/div><div class=\"slide\" role=\"listitem\"><div class=\"figure-wrapper\" style=\"background-image:url(https:\/\/proudlyportugal.pt\/files\/uploads\/2019\/11\/douro-walks.jpg)\"><figure><img decoding=\"async\" src=\"https:\/\/proudlyportugal.pt\/files\/uploads\/2019\/11\/douro-walks.jpg\" alt=\"\"\/><figcaption><span>Descida do Douro, Douro<\/span><\/figcaption><\/figure><\/div><\/div><div class=\"slide\" role=\"listitem\"><div class=\"figure-wrapper\" style=\"background-image:url(https:\/\/proudlyportugal.pt\/files\/uploads\/2019\/11\/seafood.jpg)\"><figure><img decoding=\"async\" src=\"https:\/\/proudlyportugal.pt\/files\/uploads\/2019\/11\/seafood.jpg\" alt=\"\"\/><figcaption><span>Marisco Algarvio, Tavira<\/span><\/figcaption><\/figure><\/div><\/div><div class=\"slide\" role=\"listitem\"><div class=\"figure-wrapper\" style=\"background-image:url(https:\/\/proudlyportugal.pt\/files\/uploads\/2019\/11\/tiles_.jpg)\"><figure><img decoding=\"async\" src=\"https:\/\/proudlyportugal.pt\/files\/uploads\/2019\/11\/tiles_.jpg\" alt=\"\"\/><figcaption><span>Banco de Azulejos, Tradi\u00e7\u00e3o<\/span><\/figcaption><\/figure><\/div><\/div><div class=\"slide\" role=\"listitem\"><div class=\"figure-wrapper\" style=\"background-image:url(https:\/\/proudlyportugal.pt\/files\/uploads\/2019\/11\/City-Vibes.jpg)\"><figure><img decoding=\"async\" src=\"https:\/\/proudlyportugal.pt\/files\/uploads\/2019\/11\/City-Vibes.jpg\" alt=\"\"\/><figcaption><span>Mood da cidade, Lisboa<\/span><\/figcaption><\/figure><\/div><\/div><div class=\"slide\" role=\"listitem\"><div class=\"figure-wrapper\" style=\"background-image:url(https:\/\/proudlyportugal.pt\/files\/uploads\/2019\/11\/tavira-by-night.jpg)\"><figure><img decoding=\"async\" src=\"https:\/\/proudlyportugal.pt\/files\/uploads\/2019\/11\/tavira-by-night.jpg\" alt=\"\"\/><figcaption><span>Tavira de noite<\/span><\/figcaption><\/figure><\/div><\/div><\/div><\/div><\/div>\n\n\n\n<div class=\"wp-block-kobu-custom-blocks-responsive-spacer responsive-spacer size-xlarge\"><\/div>\n<\/div>\n","protected":false},"excerpt":{"rendered":"<p>A Quinta do Lago \u00e9 um para\u00edso na terra, com condi\u00e7\u00f5es tentadoras para quem procura um novo bem-estar. E o amor tem sempre um nome!<\/p>\n","protected":false},"author":1,"featured_media":1584,"parent":2344,"menu_order":0,"comment_status":"closed","ping_status":"closed","template":"templates\/experience.php","meta":{"_acf_changed":false,"footnotes":""},"class_list":["post-2334","page","type-page","status-publish","has-post-thumbnail","hentry","page-entry"],"acf":[],"aioseo_notices":[],"_links":{"self":[{"href":"https:\/\/proudlyportugal.pt\/pt-pt\/wp-json\/wp\/v2\/pages\/2334","targetHints":{"allow":["GET"]}}],"collection":[{"href":"https:\/\/proudlyportugal.pt\/pt-pt\/wp-json\/wp\/v2\/pages"}],"about":[{"href":"https:\/\/proudlyportugal.pt\/pt-pt\/wp-json\/wp\/v2\/types\/page"}],"author":[{"embeddable":true,"href":"https:\/\/proudlyportugal.pt\/pt-pt\/wp-json\/wp\/v2\/users\/1"}],"replies":[{"embeddable":true,"href":"https:\/\/proudlyportugal.pt\/pt-pt\/wp-json\/wp\/v2\/comments?post=2334"}],"version-history":[{"count":5,"href":"https:\/\/proudlyportugal.pt\/pt-pt\/wp-json\/wp\/v2\/pages\/2334\/revisions"}],"predecessor-version":[{"id":4409,"href":"https:\/\/proudlyportugal.pt\/pt-pt\/wp-json\/wp\/v2\/pages\/2334\/revisions\/4409"}],"up":[{"embeddable":true,"href":"https:\/\/proudlyportugal.pt\/pt-pt\/wp-json\/wp\/v2\/pages\/2344"}],"wp:featuredmedia":[{"embeddable":true,"href":"https:\/\/proudlyportugal.pt\/pt-pt\/wp-json\/wp\/v2\/media\/1584"}],"wp:attachment":[{"href":"https:\/\/proudlyportugal.pt\/pt-pt\/wp-json\/wp\/v2\/media?parent=2334"}],"curies":[{"name":"wp","href":"https:\/\/api.w.org\/{rel}","templated":true}]}}